{"id":10,"date":"2024-11-22T09:41:17","date_gmt":"2024-11-22T09:41:17","guid":{"rendered":"https:\/\/angry-leavitt.46-229-45-243.plesk.page\/?page_id=10"},"modified":"2025-10-30T17:10:17","modified_gmt":"2025-10-30T17:10:17","slug":"impressum","status":"publish","type":"page","link":"https:\/\/insoguard.at\/index.php\/impressum\/","title":{"rendered":"IMPRESSUM"},"content":{"rendered":"<section class=\"l-section wpb_row height_auto width_full\"><div class=\"l-section-h i-cf\"><div class=\"g-cols vc_row via_grid cols_1 laptops-cols_inherit tablets-cols_inherit mobiles-cols_1 valign_middle type_default stacking_default\"><div class=\"wpb_column vc_column_container\"><div class=\"vc_column-inner\"><div class=\"w-image align_center\"><div class=\"w-image-h\"><img decoding=\"async\" width=\"1904\" height=\"640\" src=\"https:\/\/insoguard.at\/wp-content\/uploads\/2024\/11\/insoguard_42.png\" class=\"attachment-full size-full\" alt=\"\" loading=\"lazy\" srcset=\"https:\/\/insoguard.at\/wp-content\/uploads\/2024\/11\/insoguard_42.png 1904w, https:\/\/insoguard.at\/wp-content\/uploads\/2024\/11\/insoguard_42-300x101.png 300w, https:\/\/insoguard.at\/wp-content\/uploads\/2024\/11\/insoguard_42-1024x344.png 1024w\" sizes=\"auto, (max-width: 1904px) 100vw, 1904px\" \/><\/div><\/div><\/div><\/div><\/div><\/div><\/section><section class=\"l-section wpb_row height_medium\"><div class=\"l-section-h i-cf\"><div class=\"g-cols vc_row via_grid cols_1 laptops-cols_inherit tablets-cols_inherit mobiles-cols_1 valign_top type_default stacking_default\"><div class=\"wpb_column vc_column_container\"><div class=\"vc_column-inner\"><div class=\"wpb_text_column\"><div class=\"wpb_wrapper\"><h1 style=\"text-align: center;\">Impressum<\/h1>\n<\/div><\/div><div class=\"w-separator size_small\"><\/div><div class=\"wpb_text_column\"><div class=\"wpb_wrapper\"><p><strong>Tesofy FlexCo.<\/strong><br \/>\nBartensteingasse 5, 1010 Wien<br \/>\n1020 Wien<\/p>\n<p><strong>Firmenbuchnummer:<\/strong><br \/>\nFN 625522 k<\/p>\n<p><strong>Firmenbuchgericht:<\/strong><br \/>\nHandelsgericht Wien, 1010 Wien<\/p>\n<p><strong>UID: <\/strong>ATU80645009<\/p>\n<p><strong>Gesch\u00e4ftszweig:<\/strong> IT-Dienstleistung und Beratung<\/p>\n<p>Mitglied der Wirtschaftskammer \u00d6sterreich<\/p>\n<\/div><\/div><div class=\"w-separator size_large with_line width_default thick_1 style_solid color_border align_center with_content\"><div class=\"w-separator-h\"><i class=\"fal fa-diamond\"><\/i><\/div><\/div><div class=\"wpb_text_column us_custom_eb849559\"><div class=\"wpb_wrapper\"><p style=\"text-align: left;\"><strong>1. RECHTLICHER HINWEIS<\/strong><\/p>\n<p style=\"text-align: left;\">Tesofy FlexCo. \u00fcbernimmt keinerlei Gew\u00e4hr f\u00fcr die Aktualit\u00e4t, Korrektheit, Vollst\u00e4ndigkeit oder Qualit\u00e4t der bereitgestellten Informationen. Haftungsanspr\u00fcche gegen Tesofy FlexCo., welche sich auf Sch\u00e4den materieller oder immaterieller Art beziehen, die durch die Nutzung oder Nichtnutzung der dargebotenen Informationen bzw. durch die Nutzung fehlerhafter und unvollst\u00e4ndiger Informationen verursacht wurden, sind grunds\u00e4tzlich ausgeschlossen, sofern seitens Tesofy FlexCo. kein vors\u00e4tzliches oder grob fahrl\u00e4ssiges Verschulden vorliegt. Alle Angebote sind freibleibend und unverbindlich. Tesofy FlexCo. beh\u00e4lt es sich ausdr\u00fccklich vor, Teile der Seiten oder das gesamte Angebot ohne gesonderte Ank\u00fcndigung zu ver\u00e4ndern, zu erg\u00e4nzen, zu l\u00f6schen oder die Ver\u00f6ffentlichung zeitweise oder endg\u00fcltig einzustellen. Die Informationen und Daten dieses Onlineangebotes dienen dem Nutzer ausschlie\u00dflich zu Informationszwecken und zum pers\u00f6nlichen Gebrauch.<\/p>\n<p style=\"text-align: left;\"><strong>2. VERWEISE UND LINKS<\/strong><\/p>\n<p style=\"text-align: left;\">Bei direkten oder indirekten Verweisen auf fremde Internetseiten (\u201eLinks\u201c), die au\u00dferhalb des Verantwortungsbereichs von Tesofy FlexCo. liegen, ist jede Haftungsverpflichtung von Tesofy FlexCo. ausgeschlossen. Tesofy FlexCo. erkl\u00e4rt ausdr\u00fccklich, dass ihr keine Informationen \u00fcber rechtswidrige Inhalte auf den in vorstehender Ziffer 1 genannten Seiten vorliegen. Tesofy FlexCo. hat keinerlei Einfluss auf deren aktuelle und zuk\u00fcnftige Gestaltung und auf deren Inhalte. Sie \u00fcberpr\u00fcft auch nicht die Inhalte der Seiten, die nach der Linksetzung ver\u00e4ndert wurden. Dies gilt f\u00fcr alle innerhalb der Website gesetzten Verweise und Links auf Dritte sowie f\u00fcr Fremdeintr\u00e4ge in G\u00e4steb\u00fcchern, Diskussionsforen oder Mailing-Listen. F\u00fcr fehlerhafte, rechtswidrige oder unvollst\u00e4ndige Inhalte und insbesondere f\u00fcr Sch\u00e4den, die aus der Nutzung solcher Informationen entstehen, haftet alleine der Anbieter der Website, auf welche verwiesen wurde.<\/p>\n<p style=\"text-align: left;\"><strong>3. URHEBER- UND KENNZEICHENRECHT<\/strong><\/p>\n<p style=\"text-align: left;\">Tesofy FlexCo. weist ausdr\u00fccklich darauf hin, dass die auf der Website ver\u00f6ffentlichten Grafiken, Animationen, Fotos und Texte urheberrechtlich oder in anderer Form des gewerblichen Rechtsschutzes \u2013 Marken, Geschmacksmuster etc. \u2013 gesch\u00fctzt sind. Die zugrundeliegenden Rechte liegen allein bei Tesofy FlexCo. oder bei Dritten, die Tesofy FlexCo. das Recht zur Ver\u00f6ffentlichung auf der Website einger\u00e4umt haben. Eine Vervielf\u00e4ltigung oder Verwendung dieser Grafiken, Animationen, Fotos und Texte in anderen elektronischen oder gedruckten Publikationen ist nicht gestattet, es sei denn, Tesofy FlexCo. erteilt hierzu ihre ausdr\u00fcckliche schriftliche Zustimmung.<\/p>\n<\/div><\/div><\/div><\/div><\/div><\/div><\/section>\n","protected":false},"excerpt":{"rendered":"Impressum Tesofy FlexCo. Bartensteingasse 5, 1010 Wien 1020 Wien Firmenbuchnummer: FN 625522 k Firmenbuchgericht: Handelsgericht Wien, 1010 Wien UID: ATU80645009 Gesch\u00e4ftszweig: IT-Dienstleistung und Beratung Mitglied der Wirtschaftskammer \u00d6sterreich 1. RECHTLICHER HINWEIS Tesofy FlexCo. \u00fcbernimmt keinerlei Gew\u00e4hr f\u00fcr die Aktualit\u00e4t, Korrektheit, Vollst\u00e4ndigkeit oder Qualit\u00e4t der bereitgestellten Informationen. Haftungsanspr\u00fcche gegen Tesofy FlexCo., welche sich auf Sch\u00e4den materieller...","protected":false},"author":1,"featured_media":0,"parent":0,"menu_order":0,"comment_status":"closed","ping_status":"closed","template":"","meta":{"content-type":"","footnotes":""},"class_list":["post-10","page","type-page","status-publish","hentry"],"_links":{"self":[{"href":"https:\/\/insoguard.at\/index.php\/wp-json\/wp\/v2\/pages\/10","targetHints":{"allow":["GET"]}}],"collection":[{"href":"https:\/\/insoguard.at\/index.php\/wp-json\/wp\/v2\/pages"}],"about":[{"href":"https:\/\/insoguard.at\/index.php\/wp-json\/wp\/v2\/types\/page"}],"author":[{"embeddable":true,"href":"https:\/\/insoguard.at\/index.php\/wp-json\/wp\/v2\/users\/1"}],"replies":[{"embeddable":true,"href":"https:\/\/insoguard.at\/index.php\/wp-json\/wp\/v2\/comments?post=10"}],"version-history":[{"count":13,"href":"https:\/\/insoguard.at\/index.php\/wp-json\/wp\/v2\/pages\/10\/revisions"}],"predecessor-version":[{"id":358,"href":"https:\/\/insoguard.at\/index.php\/wp-json\/wp\/v2\/pages\/10\/revisions\/358"}],"wp:attachment":[{"href":"https:\/\/insoguard.at\/index.php\/wp-json\/wp\/v2\/media?parent=10"}],"curies":[{"name":"wp","href":"https:\/\/api.w.org\/{rel}","templated":true}]}}